{"id":967504,"date":"2023-11-13T17:23:36","date_gmt":"2023-11-13T17:23:36","guid":{"rendered":"https:\/\/pariani.org\/?page_id=967504"},"modified":"2023-11-15T13:36:11","modified_gmt":"2023-11-15T13:36:11","slug":"note-legali","status":"publish","type":"page","link":"https:\/\/pariani.org\/fr\/note-legali\/","title":{"rendered":"Mentions l\u00e9gales"},"content":{"rendered":"<div data-elementor-type=\"wp-page\" data-elementor-id=\"967504\" class=\"elementor elementor-967504\" data-elementor-post-type=\"page\">\n\t\t\t\t<div class=\"elementor-element elementor-element-6d4e64d e-flex e-con-boxed e-con e-parent\" data-id=\"6d4e64d\" data-element_type=\"container\">\n\t\t\t\t\t<div class=\"e-con-inner\">\n\t\t\t\t<div class=\"elementor-element elementor-element-c76276a exad-sticky-section-no exad-glass-effect-no elementor-widget elementor-widget-heading\" data-id=\"c76276a\" data-element_type=\"widget\" data-widget_type=\"heading.default\">\n\t\t\t\t<div class=\"elementor-widget-container\">\n\t\t\t\t\t<h1 class=\"elementor-heading-title elementor-size-default\">Note legali<\/h1>\t\t\t\t<\/div>\n\t\t\t\t<\/div>\n\t\t\t\t<div class=\"elementor-element elementor-element-a95c483 exad-sticky-section-no exad-glass-effect-no elementor-widget elementor-widget-text-editor\" data-id=\"a95c483\" data-element_type=\"widget\" data-widget_type=\"text-editor.default\">\n\t\t\t\t<div class=\"elementor-widget-container\">\n\t\t\t\t\t\t\t\t\t<p>Con la consultazione di https:\/\/pariani.org\/ (nel prosieguo \u201cil Sito\u201d), l\u2019utente (nel prosieguo \u201cl\u2019Utente\u201d) dichiara di conoscere le condizioni di utilizzo riportate di seguito e le disposizioni specifiche riguardanti alcuni servizi del Sito, e di accettarne i termini.<\/p>\t\t\t\t\t\t\t\t<\/div>\n\t\t\t\t<\/div>\n\t\t\t\t<div class=\"elementor-element elementor-element-c8e4f05 exad-sticky-section-no exad-glass-effect-no elementor-widget elementor-widget-heading\" data-id=\"c8e4f05\" data-element_type=\"widget\" data-widget_type=\"heading.default\">\n\t\t\t\t<div class=\"elementor-widget-container\">\n\t\t\t\t\t<h3 class=\"elementor-heading-title elementor-size-default\">1. Informazioni legali<\/h3>\t\t\t\t<\/div>\n\t\t\t\t<\/div>\n\t\t\t\t<div class=\"elementor-element elementor-element-96bc129 exad-sticky-section-no exad-glass-effect-no elementor-widget elementor-widget-text-editor\" data-id=\"96bc129\" data-element_type=\"widget\" data-widget_type=\"text-editor.default\">\n\t\t\t\t<div class=\"elementor-widget-container\">\n\t\t\t\t\t\t\t\t\t<p>L\u2019editore del Sito \u00e8 la societ\u00e0 Pariani Srl, nel prosieguo \u201cl\u2019Editore\u201d, con capitale sociale di 50 000 \u20ac, iscritta al registro del commercio e delle imprese di Torino (10100\u2013 Italia) con il numero TO-1148311e il cui numero di P.IVA intracomunitaria \u00e8 IT10615510012.<br \/>La sede legale \u00e8 situata all\u2019indirizzo Via Avogadro 7 10040 Givoletto (TO) &#8211; Italia.<br \/>Tel.: +39 011 9947505 \u2013 011 9946649<br \/>E-mail: info@pariani.org<\/p>\t\t\t\t\t\t\t\t<\/div>\n\t\t\t\t<\/div>\n\t\t\t\t<div class=\"elementor-element elementor-element-ea8a191 exad-sticky-section-no exad-glass-effect-no elementor-widget elementor-widget-heading\" data-id=\"ea8a191\" data-element_type=\"widget\" data-widget_type=\"heading.default\">\n\t\t\t\t<div class=\"elementor-widget-container\">\n\t\t\t\t\t<h3 class=\"elementor-heading-title elementor-size-default\">2. Ubicazione del Sito:<\/h3>\t\t\t\t<\/div>\n\t\t\t\t<\/div>\n\t\t\t\t<div class=\"elementor-element elementor-element-2ff2809 exad-sticky-section-no exad-glass-effect-no elementor-widget elementor-widget-text-editor\" data-id=\"2ff2809\" data-element_type=\"widget\" data-widget_type=\"text-editor.default\">\n\t\t\t\t<div class=\"elementor-widget-container\">\n\t\t\t\t\t\t\t\t\t<p>Nome legale: Aruba S.p.A.<br \/>Indirizzo della sede legale : Via San Clemente n.53, Ponte San Pietro 24036 (BG)<\/p>\t\t\t\t\t\t\t\t<\/div>\n\t\t\t\t<\/div>\n\t\t\t\t<div class=\"elementor-element elementor-element-040be82 exad-sticky-section-no exad-glass-effect-no elementor-widget elementor-widget-heading\" data-id=\"040be82\" data-element_type=\"widget\" data-widget_type=\"heading.default\">\n\t\t\t\t<div class=\"elementor-widget-container\">\n\t\t\t\t\t<h3 class=\"elementor-heading-title elementor-size-default\">3. Realizzazione del sito:<\/h3>\t\t\t\t<\/div>\n\t\t\t\t<\/div>\n\t\t\t\t<div class=\"elementor-element elementor-element-ba2d63b exad-sticky-section-no exad-glass-effect-no elementor-widget elementor-widget-text-editor\" data-id=\"ba2d63b\" data-element_type=\"widget\" data-widget_type=\"text-editor.default\">\n\t\t\t\t<div class=\"elementor-widget-container\">\n\t\t\t\t\t\t\t\t\t<p>Sito creato dall&#8217;agenzia To Be s.r.l. , la cui sede principale si trova in Lungo Dora Voghera, 3410153 Torino TO.<br \/>webecommunication.it<br \/>Contatto: info@tobecompany.com<\/p>\t\t\t\t\t\t\t\t<\/div>\n\t\t\t\t<\/div>\n\t\t\t\t<div class=\"elementor-element elementor-element-17f7126 exad-sticky-section-no exad-glass-effect-no elementor-widget elementor-widget-heading\" data-id=\"17f7126\" data-element_type=\"widget\" data-widget_type=\"heading.default\">\n\t\t\t\t<div class=\"elementor-widget-container\">\n\t\t\t\t\t<h3 class=\"elementor-heading-title elementor-size-default\">4. Diritti di propriet\u00e0 intellettuale<\/h3>\t\t\t\t<\/div>\n\t\t\t\t<\/div>\n\t\t\t\t<div class=\"elementor-element elementor-element-e5d556c exad-sticky-section-no exad-glass-effect-no elementor-widget elementor-widget-text-editor\" data-id=\"e5d556c\" data-element_type=\"widget\" data-widget_type=\"text-editor.default\">\n\t\t\t\t<div class=\"elementor-widget-container\">\n\t\t\t\t\t\t\t\t\t<p>Il Sito e l\u2019insieme dei suoi contenuti (in particolare marchi commerciali, loghi, tutti gli elementi grafici, testuali e informatici, tra cui percorsi, formattazione, articoli, presentazioni, illustrazioni, fotografie e\/o qualsiasi altro documento) sono protetti dalla normativa italiana e internazionale sulla propriet\u00e0 intellettuale.<br \/>Tutti i diritti riservati copyright \u00a9 &#8211; da novembre 2023.<br \/>In nessun caso, la navigazione sul Sito o le menzioni ivi presenti possono essere interpretate come una concessione di licenza di utilizzo o di qualsivoglia altro diritto di utilizzo di tali elementi.<br \/>\u00c8 pertanto proibita qualsiasi rappresentazione, riproduzione, integrazione, diffusione e ridiffusione, parziale o totale (articolo L. 122-4 del codice francese della propriet\u00e0 intellettuale). Chiunque svolga tali attivit\u00e0 senza l\u2019autorizzazione preventiva ed espressa del detentore di tali diritti \u00e8 passibile delle pene relative al reato di contraffazione (articoli L. 335-2 e seguenti del codice francese della propriet\u00e0 intellettuale). L\u2019Editore potr\u00e0 far valere i propri diritti, in particolare per quanto riguarda la propriet\u00e0 intellettuale, per intentare azioni anche penali.<br \/>L\u2019Editore si riserva il diritto di migliorare e modificare in qualsiasi momento informazioni, prodotti, programmi o condizioni d\u2019utilizzo descritti nel Sito, senza che da ci\u00f2 derivi alcun tipo di responsabilit\u00e0. Le condizioni e le note legali applicabili saranno quelle in vigore al momento della connessione al Sito da parte dell\u2019utente.<br \/>Tutti i marchi citati, in particolare Pariani, sono marchi registrati.<br \/>Le fotografie utilizzate sul Sito sono protette dal diritto d\u2019autore. Per motivi pratici, i crediti non sono menzionati sulle fotografie. Per maggiori informazioni sull\u2019autore delle fotografie, \u00e8 possibile contattare l\u2019Editore tramite il modulo di contatto presente sul Sito. <\/p>\t\t\t\t\t\t\t\t<\/div>\n\t\t\t\t<\/div>\n\t\t\t\t<div class=\"elementor-element elementor-element-1bbf5c9 exad-sticky-section-no exad-glass-effect-no elementor-widget elementor-widget-heading\" data-id=\"1bbf5c9\" data-element_type=\"widget\" data-widget_type=\"heading.default\">\n\t\t\t\t<div class=\"elementor-widget-container\">\n\t\t\t\t\t<h3 class=\"elementor-heading-title elementor-size-default\">5. Collegamenti ipertestuali<\/h3>\t\t\t\t<\/div>\n\t\t\t\t<\/div>\n\t\t\t\t<div class=\"elementor-element elementor-element-a7d96cc exad-sticky-section-no exad-glass-effect-no elementor-widget elementor-widget-text-editor\" data-id=\"a7d96cc\" data-element_type=\"widget\" data-widget_type=\"text-editor.default\">\n\t\t\t\t<div class=\"elementor-widget-container\">\n\t\t\t\t\t\t\t\t\t<p>Il Sito pu\u00f2 contenere dei link ipertestuali che conducono a siti terzi. L\u2019Utente che viene ridiretto a un sito terzo mediante un collegamento ipertestuale \u00e8 a conoscenza del fatto che l\u2019Editore non controlla il contenuto, le informazioni, i prodotti e i servizi di tali siti. Di conseguenza, l\u2019Editore non potr\u00e0 in alcun caso essere ritenuto responsabile per eventuali danni, diretti o indiretti, derivanti dall\u2019utilizzo dei siti accessibili tramite i collegamenti ipertestuali.<br \/>Parimenti, l\u2019Editore declina ogni responsabilit\u00e0 in relazione ai collegamenti ipertestuali che conducono al Sito.<br \/>Chiunque intenda implementare collegamenti ipertestuali diretti verso il Sito dovr\u00e0 ottenere l\u2019autorizzazione scritta preventiva dell\u2019Editore.<\/p>\t\t\t\t\t\t\t\t<\/div>\n\t\t\t\t<\/div>\n\t\t\t\t<div class=\"elementor-element elementor-element-72ae5b2 exad-sticky-section-no exad-glass-effect-no elementor-widget elementor-widget-heading\" data-id=\"72ae5b2\" data-element_type=\"widget\" data-widget_type=\"heading.default\">\n\t\t\t\t<div class=\"elementor-widget-container\">\n\t\t\t\t\t<h3 class=\"elementor-heading-title elementor-size-default\">6. Limitazione di responsabilit\u00e0<\/h3>\t\t\t\t<\/div>\n\t\t\t\t<\/div>\n\t\t\t\t<div class=\"elementor-element elementor-element-e05618a exad-sticky-section-no exad-glass-effect-no elementor-widget elementor-widget-text-editor\" data-id=\"e05618a\" data-element_type=\"widget\" data-widget_type=\"text-editor.default\">\n\t\t\t\t<div class=\"elementor-widget-container\">\n\t\t\t\t\t\t\t\t\t<p>L\u2019Editore ricorda agli Utenti le caratteristiche e i limiti della rete Internet. L\u2019Editore non potr\u00e0 essere ritenuto responsabile di alcun danno derivante dall\u2019accesso al Sito n\u00e9 dell\u2019impossibilit\u00e0 di accedervi. L\u2019Editore non potr\u00e0 in alcun caso essere ritenuto responsabile in caso di indisponibilit\u00e0 del Sito, per qualsiasi motivo ci\u00f2 si verifichi (guasto tecnico, sovraccarico della rete e cos\u00ec via).<br \/>L\u2019Utente dichiara espressamente di utilizzare il Sito a proprio rischio e sotto la propria esclusiva responsabilit\u00e0. L\u2019Editore declina ogni responsabilit\u00e0 per qualsiasi danno, diretto o indiretto, materiale o immateriale, provocato agli Utenti, alle loro apparecchiature informatiche o di telecomunicazioni e ai dati che vi sono memorizzati e per le conseguenze che possono derivarne per la loro attivit\u00e0 personale, professionale o commerciale.<br \/>Le informazioni del Sito hanno carattere indicativo. Le informazioni diffuse sul Sito sono aggiornate e verificate periodicamente, tuttavia possono contenere errori. In ogni caso, le informazioni devono essere prese in considerazione al momento della loro pubblicazione online e non al momento della consultazione del Sito. Tra il momento del caricamento online e quello in cui l\u2019utente ne viene a conoscenza, infatti, i dati potrebbero essere stati aggiornati. Ad ogni modo, l\u2019Editore declina qualsiasi responsabilit\u00e0 connessa a tali informazioni.<\/p>\t\t\t\t\t\t\t\t<\/div>\n\t\t\t\t<\/div>\n\t\t\t\t<div class=\"elementor-element elementor-element-8db271b exad-sticky-section-no exad-glass-effect-no elementor-widget elementor-widget-heading\" data-id=\"8db271b\" data-element_type=\"widget\" data-widget_type=\"heading.default\">\n\t\t\t\t<div class=\"elementor-widget-container\">\n\t\t\t\t\t<h3 class=\"elementor-heading-title elementor-size-default\">7. Accesso alle aree protette da password<\/h3>\t\t\t\t<\/div>\n\t\t\t\t<\/div>\n\t\t\t\t<div class=\"elementor-element elementor-element-fb53e80 exad-sticky-section-no exad-glass-effect-no elementor-widget elementor-widget-text-editor\" data-id=\"fb53e80\" data-element_type=\"widget\" data-widget_type=\"text-editor.default\">\n\t\t\t\t<div class=\"elementor-widget-container\">\n\t\t\t\t\t\t\t\t\t<p>L\u2019accesso alle aree protette da password \u00e8 riservato alle persone autorizzate. L\u2019Utente si impegna a non forzare l\u2019accesso a tali aree e, in particolare, a non utilizzare l\u2019identit\u00e0, il codice di accesso o l\u2019indirizzo di un altro utente. Chiunque cerchi di accedere in modo non autorizzato a queste aree potr\u00e0 essere perseguito per le vie legali.<\/p>\t\t\t\t\t\t\t\t<\/div>\n\t\t\t\t<\/div>\n\t\t\t\t<div class=\"elementor-element elementor-element-8f7ae6c exad-sticky-section-no exad-glass-effect-no elementor-widget elementor-widget-heading\" data-id=\"8f7ae6c\" data-element_type=\"widget\" data-widget_type=\"heading.default\">\n\t\t\t\t<div class=\"elementor-widget-container\">\n\t\t\t\t\t<h3 class=\"elementor-heading-title elementor-size-default\">8. Utilizzo del sito<\/h3>\t\t\t\t<\/div>\n\t\t\t\t<\/div>\n\t\t\t\t<div class=\"elementor-element elementor-element-6e13b67 exad-sticky-section-no exad-glass-effect-no elementor-widget elementor-widget-text-editor\" data-id=\"6e13b67\" data-element_type=\"widget\" data-widget_type=\"text-editor.default\">\n\t\t\t\t<div class=\"elementor-widget-container\">\n\t\t\t\t\t\t\t\t\t<p>L\u2019Editore propone il Sito principalmente perch\u00e9 sia utilizzato dalla propria clientela professionale, dai distributori, dai privati e da chiunque desideri conoscere i suoi prodotti e servizi.<\/p><p>Collegandosi al o navigando sul Sito, l\u2019Utente si impegna a:<\/p><ul style=\"margin-bottom: 15px;\"><li>rispettare le presenti note legali e, pi\u00f9 in generale, la normativa vigente;<\/li><li>astenersi, in particolare, da qualsiasi attivit\u00e0 di raccolta o utilizzo improprio delle informazioni nominative a cui possa avere accesso e, in generale, da qualsiasi atto possa arrecare danno a terzi.<\/li><\/ul><p>Compilando un modulo e comunicando le informazioni, l\u2019Utente si impegna a:<\/p><ul style=\"margin-bottom: 15px;\"><li>fornire informazioni reali, esatte e aggiornate al momento dell\u2019immissione e in particolare a non fare uso di nomi, qualit\u00e0 o indirizzi falsi o per i quali non \u00e8 debitamente autorizzato;<\/li><li>mantenere aggiornati i dati di iscrizione affinch\u00e9 siano sempre reali ed esatti;<\/li><li>non rendere disponibili o distribuire informazioni, programmi o elementi illegali, sanzionabili o dannosi (come virus, software contraffatti o copiati);<\/li><li>non diffondere affermazioni, opinioni o informazioni di carattere diffamatorio, osceno, violento, razzista e, in generale, in contrasto con le leggi e i regolamenti vigenti, i diritti delle persone e il decoro.<\/li><\/ul><p>In caso di violazione di queste disposizioni, l\u2019Editore si riserva il diritto di impedire l\u2019accesso al Sito o ai servizi proposti per esclusiva responsabilit\u00e0 dell\u2019Utente e senza che ci\u00f2 comporti pregiudizio per eventuali azioni di responsabilit\u00e0.<\/p>\t\t\t\t\t\t\t\t<\/div>\n\t\t\t\t<\/div>\n\t\t\t\t<div class=\"elementor-element elementor-element-b6b7b55 exad-sticky-section-no exad-glass-effect-no elementor-widget elementor-widget-heading\" data-id=\"b6b7b55\" data-element_type=\"widget\" data-widget_type=\"heading.default\">\n\t\t\t\t<div class=\"elementor-widget-container\">\n\t\t\t\t\t<h3 class=\"elementor-heading-title elementor-size-default\">9. Ambito di applicazione e competenza<\/h3>\t\t\t\t<\/div>\n\t\t\t\t<\/div>\n\t\t\t\t<div class=\"elementor-element elementor-element-81338e3 exad-sticky-section-no exad-glass-effect-no elementor-widget elementor-widget-text-editor\" data-id=\"81338e3\" data-element_type=\"widget\" data-widget_type=\"text-editor.default\">\n\t\t\t\t<div class=\"elementor-widget-container\">\n\t\t\t\t\t\t\t\t\t<p>Le presenti condizioni si applicano a tutti gli utenti, chiunque essi siano, senza limitazioni di tempo o di spazio.<\/p><p>QUALORA L\u2019UTENTE SIA COMMERCIANTE, QUESTI ACCETTA CHE LE EVENTUALI CONTROVERSIE DERIVANTI DALL\u2019UTILIZZO DEL SITO SIANO DI COMPETENZA ESCLUSIVA DELLA LEGGE ITALIANA E DEI TRIBUNALI COMPETENTI DI TORINO.<\/p>\t\t\t\t\t\t\t\t<\/div>\n\t\t\t\t<\/div>\n\t\t\t\t\t<\/div>\n\t\t\t\t<\/div>\n\t\t\t\t<\/div>","protected":false},"excerpt":{"rendered":"<p>Note legali Con la consultazione di https:\/\/pariani.org\/ (nel prosieguo \u201cil Sito\u201d), l\u2019utente (nel prosieguo \u201cl\u2019Utente\u201d) dichiara di conoscere le condizioni di utilizzo riportate di seguito e le disposizioni specifiche riguardanti alcuni servizi del Sito, e di accettarne i termini. 1. Informazioni legali L\u2019editore del Sito \u00e8 la societ\u00e0 Pariani Srl, nel prosieguo \u201cl\u2019Editore\u201d, con capitale [&hellip;]<\/p>","protected":false},"author":1,"featured_media":0,"parent":0,"menu_order":0,"comment_status":"closed","ping_status":"closed","template":"","meta":{"_acf_changed":false,"footnotes":""},"class_list":["post-967504","page","type-page","status-publish","hentry"],"acf":[],"yoast_head":"<!-- This site is optimized with the Yoast SEO plugin v26.0 - https:\/\/yoast.com\/wordpress\/plugins\/seo\/ -->\n<title>Note Legali - Pariani<\/title>\n<meta name=\"robots\" content=\"index, follow, max-snippet:-1, max-image-preview:large, max-video-preview:-1\" \/>\n<link rel=\"canonical\" href=\"https:\/\/pariani.org\/fr\/note-legali\/\" \/>\n<meta property=\"og:locale\" content=\"fr_FR\" \/>\n<meta property=\"og:type\" content=\"article\" \/>\n<meta property=\"og:title\" content=\"Note Legali - Pariani\" \/>\n<meta property=\"og:description\" content=\"Note legali Con la consultazione di https:\/\/pariani.org\/ (nel prosieguo \u201cil Sito\u201d), l\u2019utente (nel prosieguo \u201cl\u2019Utente\u201d) dichiara di conoscere le condizioni di utilizzo riportate di seguito e le disposizioni specifiche riguardanti alcuni servizi del Sito, e di accettarne i termini. 1. Informazioni legali L\u2019editore del Sito \u00e8 la societ\u00e0 Pariani Srl, nel prosieguo \u201cl\u2019Editore\u201d, con capitale [&hellip;]\" \/>\n<meta property=\"og:url\" content=\"https:\/\/pariani.org\/fr\/note-legali\/\" \/>\n<meta property=\"og:site_name\" content=\"Pariani\" \/>\n<meta property=\"article:publisher\" content=\"https:\/\/www.facebook.com\/parianifood\" \/>\n<meta property=\"article:modified_time\" content=\"2023-11-15T13:36:11+00:00\" \/>\n<meta name=\"twitter:card\" content=\"summary_large_image\" \/>\n<meta name=\"twitter:label1\" content=\"Dur\u00e9e de lecture estim\u00e9e\" \/>\n\t<meta name=\"twitter:data1\" content=\"5 minutes\" \/>\n<script type=\"application\/ld+json\" class=\"yoast-schema-graph\">{\"@context\":\"https:\/\/schema.org\",\"@graph\":[{\"@type\":\"WebPage\",\"@id\":\"https:\/\/pariani.org\/note-legali\/\",\"url\":\"https:\/\/pariani.org\/note-legali\/\",\"name\":\"Note Legali - Pariani\",\"isPartOf\":{\"@id\":\"https:\/\/pariani.org\/#website\"},\"datePublished\":\"2023-11-13T17:23:36+00:00\",\"dateModified\":\"2023-11-15T13:36:11+00:00\",\"inLanguage\":\"fr-FR\",\"potentialAction\":[{\"@type\":\"ReadAction\",\"target\":[\"https:\/\/pariani.org\/note-legali\/\"]}]},{\"@type\":\"WebSite\",\"@id\":\"https:\/\/pariani.org\/#website\",\"url\":\"https:\/\/pariani.org\/\",\"name\":\"Pariani\",\"description\":\"Ricerca ed Eccellenza\",\"publisher\":{\"@id\":\"https:\/\/pariani.org\/#organization\"},\"potentialAction\":[{\"@type\":\"SearchAction\",\"target\":{\"@type\":\"EntryPoint\",\"urlTemplate\":\"https:\/\/pariani.org\/?s={search_term_string}\"},\"query-input\":{\"@type\":\"PropertyValueSpecification\",\"valueRequired\":true,\"valueName\":\"search_term_string\"}}],\"inLanguage\":\"fr-FR\"},{\"@type\":\"Organization\",\"@id\":\"https:\/\/pariani.org\/#organization\",\"name\":\"Pariani\",\"url\":\"https:\/\/pariani.org\/\",\"logo\":{\"@type\":\"ImageObject\",\"inLanguage\":\"fr-FR\",\"@id\":\"https:\/\/pariani.org\/#\/schema\/logo\/image\/\",\"url\":\"https:\/\/pariani.org\/wp-content\/uploads\/2023\/06\/pariani-logo.png\",\"contentUrl\":\"https:\/\/pariani.org\/wp-content\/uploads\/2023\/06\/pariani-logo.png\",\"width\":512,\"height\":276,\"caption\":\"Pariani\"},\"image\":{\"@id\":\"https:\/\/pariani.org\/#\/schema\/logo\/image\/\"},\"sameAs\":[\"https:\/\/www.facebook.com\/parianifood\"]}]}<\/script>\n<!-- \/ Yoast SEO plugin. -->","yoast_head_json":{"title":"Note Legali - Pariani","robots":{"index":"index","follow":"follow","max-snippet":"max-snippet:-1","max-image-preview":"max-image-preview:large","max-video-preview":"max-video-preview:-1"},"canonical":"https:\/\/pariani.org\/fr\/note-legali\/","og_locale":"fr_FR","og_type":"article","og_title":"Note Legali - Pariani","og_description":"Note legali Con la consultazione di https:\/\/pariani.org\/ (nel prosieguo \u201cil Sito\u201d), l\u2019utente (nel prosieguo \u201cl\u2019Utente\u201d) dichiara di conoscere le condizioni di utilizzo riportate di seguito e le disposizioni specifiche riguardanti alcuni servizi del Sito, e di accettarne i termini. 1. Informazioni legali L\u2019editore del Sito \u00e8 la societ\u00e0 Pariani Srl, nel prosieguo \u201cl\u2019Editore\u201d, con capitale [&hellip;]","og_url":"https:\/\/pariani.org\/fr\/note-legali\/","og_site_name":"Pariani","article_publisher":"https:\/\/www.facebook.com\/parianifood","article_modified_time":"2023-11-15T13:36:11+00:00","twitter_card":"summary_large_image","twitter_misc":{"Dur\u00e9e de lecture estim\u00e9e":"5 minutes"},"schema":{"@context":"https:\/\/schema.org","@graph":[{"@type":"WebPage","@id":"https:\/\/pariani.org\/note-legali\/","url":"https:\/\/pariani.org\/note-legali\/","name":"Note Legali - Pariani","isPartOf":{"@id":"https:\/\/pariani.org\/#website"},"datePublished":"2023-11-13T17:23:36+00:00","dateModified":"2023-11-15T13:36:11+00:00","inLanguage":"fr-FR","potentialAction":[{"@type":"ReadAction","target":["https:\/\/pariani.org\/note-legali\/"]}]},{"@type":"WebSite","@id":"https:\/\/pariani.org\/#website","url":"https:\/\/pariani.org\/","name":"Pariani","description":"Ricerca ed Eccellenza","publisher":{"@id":"https:\/\/pariani.org\/#organization"},"potentialAction":[{"@type":"SearchAction","target":{"@type":"EntryPoint","urlTemplate":"https:\/\/pariani.org\/?s={search_term_string}"},"query-input":{"@type":"PropertyValueSpecification","valueRequired":true,"valueName":"search_term_string"}}],"inLanguage":"fr-FR"},{"@type":"Organization","@id":"https:\/\/pariani.org\/#organization","name":"Pariani","url":"https:\/\/pariani.org\/","logo":{"@type":"ImageObject","inLanguage":"fr-FR","@id":"https:\/\/pariani.org\/#\/schema\/logo\/image\/","url":"https:\/\/pariani.org\/wp-content\/uploads\/2023\/06\/pariani-logo.png","contentUrl":"https:\/\/pariani.org\/wp-content\/uploads\/2023\/06\/pariani-logo.png","width":512,"height":276,"caption":"Pariani"},"image":{"@id":"https:\/\/pariani.org\/#\/schema\/logo\/image\/"},"sameAs":["https:\/\/www.facebook.com\/parianifood"]}]}},"_links":{"self":[{"href":"https:\/\/pariani.org\/fr\/wp-json\/wp\/v2\/pages\/967504","targetHints":{"allow":["GET"]}}],"collection":[{"href":"https:\/\/pariani.org\/fr\/wp-json\/wp\/v2\/pages"}],"about":[{"href":"https:\/\/pariani.org\/fr\/wp-json\/wp\/v2\/types\/page"}],"author":[{"embeddable":true,"href":"https:\/\/pariani.org\/fr\/wp-json\/wp\/v2\/users\/1"}],"replies":[{"embeddable":true,"href":"https:\/\/pariani.org\/fr\/wp-json\/wp\/v2\/comments?post=967504"}],"version-history":[{"count":0,"href":"https:\/\/pariani.org\/fr\/wp-json\/wp\/v2\/pages\/967504\/revisions"}],"wp:attachment":[{"href":"https:\/\/pariani.org\/fr\/wp-json\/wp\/v2\/media?parent=967504"}],"curies":[{"name":"wp","href":"https:\/\/api.w.org\/{rel}","templated":true}]}}