{"id":966839,"date":"2023-10-25T16:23:03","date_gmt":"2023-10-25T16:23:03","guid":{"rendered":"https:\/\/pariani.org\/?post_type=product&#038;p=966839"},"modified":"2023-11-22T11:57:37","modified_gmt":"2023-11-22T11:57:37","slug":"noce-pecan","status":"publish","type":"product","link":"https:\/\/pariani.org\/fr\/inventario\/retail\/frutta-secca-intera\/noce-pecan\/","title":{"rendered":"Noix de p\u00e9can"},"content":{"rendered":"<p>la noce Pecan \u00e8 prodotta dalla variet\u00e0 Carya illinoensis la pi\u00f9 coltivata nel Nord America. Ha un guscio particolarmente duro, tanto che Pecan significa, nel linguaggio degli indiani, \u201cnoce che richiede una pietra per essere rotta\u201d. Questa variet\u00e0 \u00e8 chiamata \u201cMammoth\u201d per le sue dimensioni, molto grandi per una noce. Ha una struttura croccante e leggermente burrosa. Pu\u00f2 essere consumata da sola, al naturale, o entrare come ingrediente in ogni genere di piatti, dolci o salati.<\/p>","protected":false},"excerpt":{"rendered":"<p>la noce Pecan \u00e8 prodotta dalla variet\u00e0 Carya illinoensis la pi\u00f9 coltivata nel Nord America. Ha un guscio particolarmente duro, tanto che Pecan significa, nel linguaggio degli indiani, \u201cnoce che richiede una pietra per essere rotta\u201d. Questa variet\u00e0 \u00e8 chiamata \u201cMammoth\u201d per le sue dimensioni, molto grandi per una noce. Ha una struttura croccante e [&hellip;]<\/p>","protected":false},"featured_media":966243,"comment_status":"closed","ping_status":"closed","template":"","meta":{"_acf_changed":false},"product_brand":[],"product_cat":[262,254],"product_tag":[],"class_list":{"0":"post-966839","1":"product","2":"type-product","3":"status-publish","4":"has-post-thumbnail","6":"product_cat-frutta-secca-intera","7":"product_cat-retail","9":"first","10":"instock","11":"shipping-taxable","12":"product-type-simple"},"acf":[],"yoast_head":"<!-- This site is optimized with the Yoast SEO plugin v26.0 - https:\/\/yoast.com\/wordpress\/plugins\/seo\/ -->\n<title>Noce Pecan - Pariani<\/title>\n<meta name=\"robots\" content=\"index, follow, max-snippet:-1, max-image-preview:large, max-video-preview:-1\" \/>\n<link rel=\"canonical\" href=\"https:\/\/pariani.org\/fr\/inventario\/retail\/frutta-secca-intera\/noce-pecan\/\" \/>\n<meta property=\"og:locale\" content=\"fr_FR\" \/>\n<meta property=\"og:type\" content=\"article\" \/>\n<meta property=\"og:title\" content=\"Noce Pecan - Pariani\" \/>\n<meta property=\"og:description\" content=\"la noce Pecan \u00e8 prodotta dalla variet\u00e0 Carya illinoensis la pi\u00f9 coltivata nel Nord America. Ha un guscio particolarmente duro, tanto che Pecan significa, nel linguaggio degli indiani, \u201cnoce che richiede una pietra per essere rotta\u201d. Questa variet\u00e0 \u00e8 chiamata \u201cMammoth\u201d per le sue dimensioni, molto grandi per una noce. Ha una struttura croccante e [&hellip;]\" \/>\n<meta property=\"og:url\" content=\"https:\/\/pariani.org\/fr\/inventario\/retail\/frutta-secca-intera\/noce-pecan\/\" \/>\n<meta property=\"og:site_name\" content=\"Pariani\" \/>\n<meta property=\"article:publisher\" content=\"https:\/\/www.facebook.com\/parianifood\" \/>\n<meta property=\"article:modified_time\" content=\"2023-11-22T11:57:37+00:00\" \/>\n<meta property=\"og:image\" content=\"https:\/\/pariani.org\/wp-content\/uploads\/2023\/10\/Noce-Pecan-2.webp\" \/>\n\t<meta property=\"og:image:width\" content=\"1080\" \/>\n\t<meta property=\"og:image:height\" content=\"1080\" \/>\n\t<meta property=\"og:image:type\" content=\"image\/webp\" \/>\n<meta name=\"twitter:card\" content=\"summary_large_image\" \/>\n<script type=\"application\/ld+json\" class=\"yoast-schema-graph\">{\"@context\":\"https:\/\/schema.org\",\"@graph\":[{\"@type\":\"WebPage\",\"@id\":\"https:\/\/pariani.org\/inventario\/retail\/frutta-secca-intera\/noce-pecan\/\",\"url\":\"https:\/\/pariani.org\/inventario\/retail\/frutta-secca-intera\/noce-pecan\/\",\"name\":\"Noce Pecan - Pariani\",\"isPartOf\":{\"@id\":\"https:\/\/pariani.org\/#website\"},\"primaryImageOfPage\":{\"@id\":\"https:\/\/pariani.org\/inventario\/retail\/frutta-secca-intera\/noce-pecan\/#primaryimage\"},\"image\":{\"@id\":\"https:\/\/pariani.org\/inventario\/retail\/frutta-secca-intera\/noce-pecan\/#primaryimage\"},\"thumbnailUrl\":\"https:\/\/pariani.org\/wp-content\/uploads\/2023\/10\/Noce-Pecan-2.webp\",\"datePublished\":\"2023-10-25T16:23:03+00:00\",\"dateModified\":\"2023-11-22T11:57:37+00:00\",\"breadcrumb\":{\"@id\":\"https:\/\/pariani.org\/inventario\/retail\/frutta-secca-intera\/noce-pecan\/#breadcrumb\"},\"inLanguage\":\"fr-FR\",\"potentialAction\":[{\"@type\":\"ReadAction\",\"target\":[\"https:\/\/pariani.org\/inventario\/retail\/frutta-secca-intera\/noce-pecan\/\"]}]},{\"@type\":\"ImageObject\",\"inLanguage\":\"fr-FR\",\"@id\":\"https:\/\/pariani.org\/inventario\/retail\/frutta-secca-intera\/noce-pecan\/#primaryimage\",\"url\":\"https:\/\/pariani.org\/wp-content\/uploads\/2023\/10\/Noce-Pecan-2.webp\",\"contentUrl\":\"https:\/\/pariani.org\/wp-content\/uploads\/2023\/10\/Noce-Pecan-2.webp\",\"width\":1080,\"height\":1080},{\"@type\":\"BreadcrumbList\",\"@id\":\"https:\/\/pariani.org\/inventario\/retail\/frutta-secca-intera\/noce-pecan\/#breadcrumb\",\"itemListElement\":[{\"@type\":\"ListItem\",\"position\":1,\"name\":\"Inventario\",\"item\":\"https:\/\/pariani.org\/inventario\/\"},{\"@type\":\"ListItem\",\"position\":2,\"name\":\"Noce Pecan\"}]},{\"@type\":\"WebSite\",\"@id\":\"https:\/\/pariani.org\/#website\",\"url\":\"https:\/\/pariani.org\/\",\"name\":\"Pariani\",\"description\":\"Ricerca ed Eccellenza\",\"publisher\":{\"@id\":\"https:\/\/pariani.org\/#organization\"},\"potentialAction\":[{\"@type\":\"SearchAction\",\"target\":{\"@type\":\"EntryPoint\",\"urlTemplate\":\"https:\/\/pariani.org\/?s={search_term_string}\"},\"query-input\":{\"@type\":\"PropertyValueSpecification\",\"valueRequired\":true,\"valueName\":\"search_term_string\"}}],\"inLanguage\":\"fr-FR\"},{\"@type\":\"Organization\",\"@id\":\"https:\/\/pariani.org\/#organization\",\"name\":\"Pariani\",\"url\":\"https:\/\/pariani.org\/\",\"logo\":{\"@type\":\"ImageObject\",\"inLanguage\":\"fr-FR\",\"@id\":\"https:\/\/pariani.org\/#\/schema\/logo\/image\/\",\"url\":\"https:\/\/pariani.org\/wp-content\/uploads\/2023\/06\/pariani-logo.png\",\"contentUrl\":\"https:\/\/pariani.org\/wp-content\/uploads\/2023\/06\/pariani-logo.png\",\"width\":512,\"height\":276,\"caption\":\"Pariani\"},\"image\":{\"@id\":\"https:\/\/pariani.org\/#\/schema\/logo\/image\/\"},\"sameAs\":[\"https:\/\/www.facebook.com\/parianifood\"]}]}<\/script>\n<!-- \/ Yoast SEO plugin. -->","yoast_head_json":{"title":"Noce Pecan - Pariani","robots":{"index":"index","follow":"follow","max-snippet":"max-snippet:-1","max-image-preview":"max-image-preview:large","max-video-preview":"max-video-preview:-1"},"canonical":"https:\/\/pariani.org\/fr\/inventario\/retail\/frutta-secca-intera\/noce-pecan\/","og_locale":"fr_FR","og_type":"article","og_title":"Noce Pecan - Pariani","og_description":"la noce Pecan \u00e8 prodotta dalla variet\u00e0 Carya illinoensis la pi\u00f9 coltivata nel Nord America. Ha un guscio particolarmente duro, tanto che Pecan significa, nel linguaggio degli indiani, \u201cnoce che richiede una pietra per essere rotta\u201d. Questa variet\u00e0 \u00e8 chiamata \u201cMammoth\u201d per le sue dimensioni, molto grandi per una noce. Ha una struttura croccante e [&hellip;]","og_url":"https:\/\/pariani.org\/fr\/inventario\/retail\/frutta-secca-intera\/noce-pecan\/","og_site_name":"Pariani","article_publisher":"https:\/\/www.facebook.com\/parianifood","article_modified_time":"2023-11-22T11:57:37+00:00","og_image":[{"width":1080,"height":1080,"url":"https:\/\/pariani.org\/wp-content\/uploads\/2023\/10\/Noce-Pecan-2.webp","type":"image\/webp"}],"twitter_card":"summary_large_image","schema":{"@context":"https:\/\/schema.org","@graph":[{"@type":"WebPage","@id":"https:\/\/pariani.org\/inventario\/retail\/frutta-secca-intera\/noce-pecan\/","url":"https:\/\/pariani.org\/inventario\/retail\/frutta-secca-intera\/noce-pecan\/","name":"Noce Pecan - Pariani","isPartOf":{"@id":"https:\/\/pariani.org\/#website"},"primaryImageOfPage":{"@id":"https:\/\/pariani.org\/inventario\/retail\/frutta-secca-intera\/noce-pecan\/#primaryimage"},"image":{"@id":"https:\/\/pariani.org\/inventario\/retail\/frutta-secca-intera\/noce-pecan\/#primaryimage"},"thumbnailUrl":"https:\/\/pariani.org\/wp-content\/uploads\/2023\/10\/Noce-Pecan-2.webp","datePublished":"2023-10-25T16:23:03+00:00","dateModified":"2023-11-22T11:57:37+00:00","breadcrumb":{"@id":"https:\/\/pariani.org\/inventario\/retail\/frutta-secca-intera\/noce-pecan\/#breadcrumb"},"inLanguage":"fr-FR","potentialAction":[{"@type":"ReadAction","target":["https:\/\/pariani.org\/inventario\/retail\/frutta-secca-intera\/noce-pecan\/"]}]},{"@type":"ImageObject","inLanguage":"fr-FR","@id":"https:\/\/pariani.org\/inventario\/retail\/frutta-secca-intera\/noce-pecan\/#primaryimage","url":"https:\/\/pariani.org\/wp-content\/uploads\/2023\/10\/Noce-Pecan-2.webp","contentUrl":"https:\/\/pariani.org\/wp-content\/uploads\/2023\/10\/Noce-Pecan-2.webp","width":1080,"height":1080},{"@type":"BreadcrumbList","@id":"https:\/\/pariani.org\/inventario\/retail\/frutta-secca-intera\/noce-pecan\/#breadcrumb","itemListElement":[{"@type":"ListItem","position":1,"name":"Inventario","item":"https:\/\/pariani.org\/inventario\/"},{"@type":"ListItem","position":2,"name":"Noce Pecan"}]},{"@type":"WebSite","@id":"https:\/\/pariani.org\/#website","url":"https:\/\/pariani.org\/","name":"Pariani","description":"Ricerca ed Eccellenza","publisher":{"@id":"https:\/\/pariani.org\/#organization"},"potentialAction":[{"@type":"SearchAction","target":{"@type":"EntryPoint","urlTemplate":"https:\/\/pariani.org\/?s={search_term_string}"},"query-input":{"@type":"PropertyValueSpecification","valueRequired":true,"valueName":"search_term_string"}}],"inLanguage":"fr-FR"},{"@type":"Organization","@id":"https:\/\/pariani.org\/#organization","name":"Pariani","url":"https:\/\/pariani.org\/","logo":{"@type":"ImageObject","inLanguage":"fr-FR","@id":"https:\/\/pariani.org\/#\/schema\/logo\/image\/","url":"https:\/\/pariani.org\/wp-content\/uploads\/2023\/06\/pariani-logo.png","contentUrl":"https:\/\/pariani.org\/wp-content\/uploads\/2023\/06\/pariani-logo.png","width":512,"height":276,"caption":"Pariani"},"image":{"@id":"https:\/\/pariani.org\/#\/schema\/logo\/image\/"},"sameAs":["https:\/\/www.facebook.com\/parianifood"]}]}},"_links":{"self":[{"href":"https:\/\/pariani.org\/fr\/wp-json\/wp\/v2\/product\/966839","targetHints":{"allow":["GET"]}}],"collection":[{"href":"https:\/\/pariani.org\/fr\/wp-json\/wp\/v2\/product"}],"about":[{"href":"https:\/\/pariani.org\/fr\/wp-json\/wp\/v2\/types\/product"}],"replies":[{"embeddable":true,"href":"https:\/\/pariani.org\/fr\/wp-json\/wp\/v2\/comments?post=966839"}],"version-history":[{"count":0,"href":"https:\/\/pariani.org\/fr\/wp-json\/wp\/v2\/product\/966839\/revisions"}],"wp:featuredmedia":[{"embeddable":true,"href":"https:\/\/pariani.org\/fr\/wp-json\/wp\/v2\/media\/966243"}],"wp:attachment":[{"href":"https:\/\/pariani.org\/fr\/wp-json\/wp\/v2\/media?parent=966839"}],"wp:term":[{"taxonomy":"product_brand","embeddable":true,"href":"https:\/\/pariani.org\/fr\/wp-json\/wp\/v2\/product_brand?post=966839"},{"taxonomy":"product_cat","embeddable":true,"href":"https:\/\/pariani.org\/fr\/wp-json\/wp\/v2\/product_cat?post=966839"},{"taxonomy":"product_tag","embeddable":true,"href":"https:\/\/pariani.org\/fr\/wp-json\/wp\/v2\/product_tag?post=966839"}],"curies":[{"name":"wp","href":"https:\/\/api.w.org\/{rel}","templated":true}]}}